{"id":230,"date":"2020-12-15T12:36:18","date_gmt":"2020-12-15T12:36:18","guid":{"rendered":"https:\/\/anovia.ch\/?page_id=230"},"modified":"2020-12-15T12:53:41","modified_gmt":"2020-12-15T12:53:41","slug":"privacy-policy","status":"publish","type":"page","link":"https:\/\/anovia.ch\/en\/privacy-policy\/","title":{"rendered":"Privacy Policy"},"content":{"rendered":"<h2>Datenschutz<\/h2>\n<p><strong>Wir freuen uns \u00fcber Ihr Interesse an unserer Webseite. Als Betreiber dieser Webseite ist es uns ein Anliegen Ihren Besuch so angenehm und so sicher wie m\u00f6glich zu gestalten.<\/strong><\/p>\n<p>Neben einer komfortablen und effizienten Bedienbarkeit steht f\u00fcr uns der Schutz Ihrer personenbezogenen Daten und Bilder im Vordergrund. Der Schutz Ihrer Privatsph\u00e4re bei der Erhebung und Verarbeitung solcher Daten und Bilder ist uns ein wichtiges Anliegen, das wir in allen unseren Gesch\u00e4ftsprozessen ber\u00fccksichtigen. Wir verarbeiten personenbezogene Daten und Bilder die beim Besuch unserer Webseite erhoben werden daher stets gem\u00e4\u00df den nationalen und supranationalen datenschutzrechtlichen Bestimmungen.<\/p>\n<p>Mit dieser Datenschutz-Richtlinie informieren wir Sie dar\u00fcber, welche Ihrer personenbezogenen Daten und Bilder w\u00e4hrend eines Besuches auf unserer Webseite von uns erhoben und gespeichert werden bzw. wenn Sie \u00fcber die Webseite angebotenen Dienste nutzen. Au\u00dferdem erhalten Sie Informationen dazu, wie und auf welcher Rechtsgrundlage Ihre Daten und Bilder verwendet werden, welche Rechte Ihnen im Hinblick auf die Verwendung Ihrer Daten und Bilder zustehen und welche Kontaktm\u00f6glichkeiten Ihnen zur Verf\u00fcgung stehen. Bitte lesen Sie die Richtlinie sorgf\u00e4ltig durch.<\/p>\n<h3>1. Erhebung und Speicherung Personendaten sowie Art und Zweck von deren Verwendung<\/h3>\n<h4>a) Beim Besuch unserer Webseite<\/h4>\n<p>Beim Aufrufen unserer Webseite erh\u00e4lt unserer server automatisch Informationen durch den auf Ihrem Endger\u00e4t zum Einsatz kommenden Browser. Folgende Informationen k\u00f6nnen dementsprechend automatisch, jedoch nur tempor\u00e4r in einem sogenannten logfile, gespeichert werden:<\/p>\n<ul>\n<li>Datum und Uhrzeit des Zugriffs,<\/li>\n<li>Name und URL der abgerufenen Datei,<\/li>\n<li>IP-Adresse des anfragenden Endger\u00e4ts,<\/li>\n<li>Webseite, von der aus der Zugriff erfolgt.<\/li>\n<\/ul>\n<p>Diese Daten werden ausschliesslich zur Gew\u00e4hrleistung eines technisch reibungslosen Verbindungsaufbaus der Webseite sowie zur Gew\u00e4hrleistung der bestm\u00f6glichen Nutzung unserer Webseite und zur Auswertung der Systemsicherheit verwendet. Die Identifizierung von Einzelpersonen ist nicht m\u00f6glich.<br \/>\nAus dem gleichen Grund k\u00f6nnen wir mittels Verwendung von Cookie-Dateien, die auf Ihrem Computer gespeichert werden, Informationen \u00fcber Ihre Internet-Nutzung erheben. Cookies helfen uns, die Leistung unserer Webseite zu verbessern sowie Ihnen bessere und individuellere Dienstleistungen zu erbringen. Dies bedeutet jedoch nicht, dass wir dadurch Kenntnis von Ihrer Identit\u00e4t erhalten. Gerne weisen wir Sie darauf hin, dass Sie das Anlegen von Cookies ganz einfach ablehnen k\u00f6nnen, indem Sie die Einstellungen Ihres Browsers aktivieren, mit denen Sie die Speicherung von Cookies verhindern k\u00f6nnen. Dadurch werden s\u00e4mtliche Details aus dem Cookie entfernt. Wenn Sie jedoch diese Einstellung aktivieren, kann es sein, dass Sie auf bestimmte Teile unserer Webseite nicht zugreifen oder bestimmte Funktionalit\u00e4ten nicht nutzen k\u00f6nnen.<\/p>\n<h4>b) Bei Nutzung unseres Kontaktformulars<\/h4>\n<p>Bei Fragen jeglicher Art bieten wir Ihnen die M\u00f6glichkeit, mit uns \u00fcber ein auf der Webseite bereitgestelltes Formular freiwillig Kontakt aufzunehmen. Dabei sind die folgenden Angaben verpflichtend:<\/p>\n<ul>\n<li>Vor- und Nachname,<\/li>\n<li>eine g\u00fcltige e-Mail-Adresse,<\/li>\n<li>ein Betreff,<\/li>\n<li>eine Nachricht,<\/li>\n<li>eine g\u00fcltige Telefonnummer (optional bei R\u00fcckrufwunsch).<\/li>\n<\/ul>\n<p>Zweck der Erhebung der im Kontaktformular angegebenen Daten ist es, Sie als Anfragende(n) zu identifizieren und Ihre freiwillige Anfrage sachgerecht und auf dem gew\u00fcnschten Kommunikationsweg beantworten zu k\u00f6nnen. Sollte sich basierend auf Ihrem initialen Kontakt keine weitere Gesch\u00e4ftsbeziehung ergeben, werden die erhobenen Daten nach sp\u00e4testens 3 Monaten automatisch gel\u00f6scht.<\/p>\n<h4>c) Bei einer direkten\/spontanen Bewerbung<\/h4>\n<p>Regelm\u00e4ssig erhalten wir direkte\/spontane Bewerbungen auf unsere allgemeine e-Mail-Adresse \u201e<a href=\"mailto:info@anovia.ch\">info@anovia.ch<\/a>\u201c. Die in den Bewerbungen enthaltenen personenbezogenen Daten werden von uns ausschliesslich im Rahmen des Bewerbungsprozesses und zum Zwecke der Stellenbesetzung durch die Anovia GmbH, bei der Sie sich freiwillig beworben haben, genutzt. Sollte sich basierend auf Ihrer direkten\/spontanen Bewerbung leider keine weiterere Gesch\u00e4ftsbeziehung ergeben, sprich haupts\u00e4chlich keine Anstellung, werden die erhobenen Daten nach sp\u00e4testens 3 Monaten automatisch gel\u00f6scht.<\/p>\n<h3>2. Zus\u00e4tzliches Tracking Tool<\/h3>\n<p>Der Anovia GmbH ist es rechtlich erlaubt, die Nutzung der Webseite statistisch zu erfassen. Aus diesem Grunde setzen wir Google Analytics als weiteres tracking tool ein. Google Analytics ist ein Webanalysedienst der Google Inc. (1600 Amphitheatre Parkway, Mountain View, CA 94043, USA, kurz \u201eGoogle\u201c). In diesem Zusammenhang werden pseudonymisierte Nutzungsprofile erstellt und Cookies (siehe Ziffer 1a) oben) verwendet. Die durch die Cookies erzeugten Informationen \u00fcber Ihre Benutzung dieser Webseite wie:<\/p>\n<ul>\n<li>Browser-Typ\/-Version,<\/li>\n<li>Uhrzeit der Serveranfrage,<\/li>\n<li>verwendetes Betriebssystem,<\/li>\n<li>Hostname des zugreifenden Endger\u00e4ts (IP-Adresse).<\/li>\n<\/ul>\n<p>werden an einen Server von Google in den USA \u00fcbertragen und dort gespeichert. Die Informationen werden verwendet, um die Nutzung der Webseite auszuwerten, um Reports \u00fcber die Webseiteaktivit\u00e4ten zusammenzustellen und um weitere mit der Webseitenutzung und der Internetnutzung verbundene Dienstleistungen zu Zwecken der Marktforschung und bedarfsgerechten Gestaltung dieser Internetseiten zu erbringen. Auch hier ist die Identifizierung von Einzelpersonen ist nicht m\u00f6glich.<\/p>\n<h3>3. Datensicherheit<\/h3>\n<p>Alle von Ihnen pers\u00f6nlich \u00fcbermittelten Daten werden mit dem allgemein \u00fcblichen und sicheren Standard SSL (Secure Socket Layer) \u00fcbertragen. Sie erkennen eine sichere SSL-Verbindung unter anderem an dem angeh\u00e4ngten \u201es\u201c am http (also https:\/\/\u2026) in der Adressleiste Ihres Browsers.<br \/>\nWir bedienen uns im \u00dcbrigen geeigneter technischer und organisatorischer Sicherheitsma\u00dfnahmen, um Ihre bei uns gespeicherten personenbezogenen Daten gegen Vernichtung, Verlust, Ver\u00e4nderung oder vor einer unbefugten Offenlegung bzw. vor einem unbefugten Zugang zu sch\u00fctzen. Unsere Sicherheitsma\u00dfnahmen werden entsprechend der technologischen Entwicklung fortlaufend verbessert.<\/p>\n<h3>4. Weitergabe von personenbezogenen Daten an Kollaborationspartner<\/h3>\n<p>Hinsichltich unserer Produkte und Dienstleistungen sind wir in Teilgebieten auf spezialisierte, vertraglich verbundene Fremdunternehmen und\/oder externe Dienstleister (\u201eAuftragsverarbeiter\u201c) angewiesen. In solchen F\u00e4llen werden personenbezogene Daten an diese Auftragsverarbeiter weitergegeben, um diesen die weitere Bearbeitung zu erm\u00f6glichen. Diese Auftragsverarbeiter werden von uns sorgf\u00e4ltig ausgew\u00e4hlt und regelm\u00e4\u00dfig \u00fcberpr\u00fcft, um sicherzugehen, dass Ihre Privatsph\u00e4re gewahrt bleibt. Die Auftragsverarbeiter d\u00fcrfen die Daten ausschlie\u00dflich zu den von uns vorgegebenen Zwecken verwenden und werden dar\u00fcber hinaus von uns hingewiesen Ihre Daten ausschlie\u00dflich gem\u00e4ss der nationalen und supranationalen Datenschutzgesetze zu behandeln.<\/p>\n<h3>5. Zweckver\u00e4nderungen<\/h3>\n<p>Verarbeitungen Ihrer personenbezogenen Daten zu anderen als den beschriebenen Zwecken erfolgen nur, soweit eine Rechtsvorschrift dies erlaubt oder Sie in den ge\u00e4nderten Zweck der Datenverarbeitung eingewilligt haben. Im Falle einer Weiterverarbeitung zu anderen Zwecken, als denen, f\u00fcr den die Daten urspr\u00fcnglich erhoben worden sind, informieren wir Sie vor der Weiterverarbeitung \u00fcber diese anderen Zwecke und stellen Ihnen s\u00e4mtliche weitere hierf\u00fcr massgeblichen Informationen zur Verf\u00fcgung.<\/p>\n<h3>6. Ihre Rechte<\/h3>\n<p>Als Betroffener im Sinne nationalen und supranationalen Datenschutzrechte stehen Ihnen die nachfolgend beschriebenen Rechte zu. Zur Geltendmachung dieser Rechte wenden Sie sich bitte via \u201e<a href=\"mailto:info@anovia.ch\">datenschutz@anovia.ch<\/a>\u201c an uns:<\/p>\n<ul>\n<li><strong>Recht auf Widerruf:<\/strong> Ihre einmal erteilte Einwilligung kann uns gegen\u00fcber jederzeit widerrufen werden. Dies hat zur Folge, dass wir die Datenverarbeitung, die auf dieser Einwilligung beruhte, f\u00fcr die Zukunft nicht mehr fortf\u00fchren werden.<\/li>\n<li><strong>Recht auf Auskunft:<\/strong> Sie k\u00f6nnen jederzeit Auskunft \u00fcber Ihre von uns verarbeiteten personenbezogenen Daten verlangen. Insbesondere k\u00f6nnen Sie Auskunft \u00fcber die Verarbeitungszwecke, die Kategorie der personenbezogenen Daten sowie die Kategorien von Kollaborationspartnern, gegen\u00fcber denen Ihre Daten offengelegt wurden oder werden verlangen.<\/li>\n<li><strong>Recht auf Berichtigung:<\/strong> Sie k\u00f6nnen jederzeit die Berichtigung unrichtiger oder die Vervollst\u00e4ndigung Ihrer bei uns gespeicherten personenbezogenen Daten verlangen.<\/li>\n<li><strong>Recht auf L\u00f6schung:<\/strong> Sie k\u00f6nnen jederzeit die L\u00f6schung Ihrer bei uns gespeicherten personenbezogenen Daten verlangen, soweit jedoch nicht die Verarbeitung zur Erf\u00fcllung einer rechtlichen Verpflichtung, aus Gr\u00fcnden des \u00f6ffentlichen Interesses oder zur Geltendmachung, Aus\u00fcbung oder Verteidigung von Rechtsanspr\u00fcchen erforderlich ist.<\/li>\n<li><strong>Recht auf \u00dcbertragbarkeit:<\/strong> Sie k\u00f6nnen jederzeit Ihre personenbezogenen Daten, die Sie uns bereitgestellt haben, in einem strukturierten, g\u00e4ngigen und maschinenlesebaren Format erhalten oder die \u00dcbermittlung an einen anderen Verantwortlichen verlangen.<\/li>\n<li><strong>Recht auf Beschwerde:<\/strong> Sie k\u00f6nnen sich ausserdem jederzeit beim eidgen\u00f6ssischen Datenschutz- und \u00d6ffentlichkeitsbeauftragten (ED\u00d6B) beschweren.<\/li>\n<\/ul>\n<p>Bitte beachten Sie, dass wir Ihnen eine entsprechende Auskunft ausschlie\u00dflich dann erteilen k\u00f6nnen, wenn Sie uns Ihren vollst\u00e4ndigen Vor- und Nachnamen, Ihre aktuelle und ggf. auch alte Anschrift, Ihr Geburtsdatum und Ihre e-Mail-Adresse angeben. Diese Angaben dienen ausschlie\u00dflich zum Abgleich und stellen somit einen Schutz f\u00fcr Sie dar, dass nicht unberechtigte Dritte Ihre pers\u00f6nlichen Daten erhalten.<\/p>\n<h3>7. Aktualit\u00e4t und \u00c4nderung der Datenschutz-Richtlinie<\/h3>\n<p>Diese Datenschutz-Richtlinie ist aktuell g\u00fcltig und hat den Stand Juni 2018. Durch die Weiterentwicklung unserer Webseite und unserer Angebote oder aufgrund ge\u00e4nderter gesetzlicher bzw. beh\u00f6rdlicher Vorgaben kann es notwendig werden, diese Datenschutz-Richtlinie zu \u00e4ndern. Wir sind stets bem\u00fcht, die Richtlinie auf einen aktuellen Stand zu bringen.<\/p>\n","protected":false},"excerpt":{"rendered":"<p>Datenschutz Wir freuen uns \u00fcber Ihr Interesse an unserer Webseite.  [&#8230;]<\/p>\n","protected":false},"author":1,"featured_media":0,"parent":0,"menu_order":0,"comment_status":"closed","ping_status":"open","template":"","meta":{"footnotes":""},"class_list":["post-230","page","type-page","status-publish","hentry"],"yoast_head":"<!-- This site is optimized with the Yoast SEO plugin v27.3 - https:\/\/yoast.com\/product\/yoast-seo-wordpress\/ -->\n<title>Privacy Policy - Anovia<\/title>\n<meta name=\"robots\" content=\"index, follow, max-snippet:-1, max-image-preview:large, max-video-preview:-1\" \/>\n<link rel=\"canonical\" href=\"https:\/\/anovia.ch\/datenschutzerklaerung\/\" \/>\n<meta property=\"og:locale\" content=\"en_US\" \/>\n<meta property=\"og:type\" content=\"article\" \/>\n<meta property=\"og:title\" content=\"Privacy Policy - Anovia\" \/>\n<meta property=\"og:description\" content=\"Datenschutz Wir freuen uns \u00fcber Ihr Interesse an unserer Webseite. [...]\" \/>\n<meta property=\"og:url\" content=\"https:\/\/anovia.ch\/datenschutzerklaerung\/\" \/>\n<meta property=\"og:site_name\" content=\"Anovia\" \/>\n<meta property=\"article:modified_time\" content=\"2020-12-15T12:53:41+00:00\" \/>\n<meta name=\"twitter:card\" content=\"summary_large_image\" \/>\n<meta name=\"twitter:label1\" content=\"Est. reading time\" \/>\n\t<meta name=\"twitter:data1\" content=\"7 minutes\" \/>\n<script type=\"application\/ld+json\" class=\"yoast-schema-graph\">{\"@context\":\"https:\\\/\\\/schema.org\",\"@graph\":[{\"@type\":\"WebPage\",\"@id\":\"https:\\\/\\\/anovia.ch\\\/datenschutzerklaerung\\\/\",\"url\":\"https:\\\/\\\/anovia.ch\\\/datenschutzerklaerung\\\/\",\"name\":\"Privacy Policy - Anovia\",\"isPartOf\":{\"@id\":\"https:\\\/\\\/anovia.ch\\\/#website\"},\"datePublished\":\"2020-12-15T12:36:18+00:00\",\"dateModified\":\"2020-12-15T12:53:41+00:00\",\"breadcrumb\":{\"@id\":\"https:\\\/\\\/anovia.ch\\\/datenschutzerklaerung\\\/#breadcrumb\"},\"inLanguage\":\"en-US\",\"potentialAction\":[{\"@type\":\"ReadAction\",\"target\":[\"https:\\\/\\\/anovia.ch\\\/datenschutzerklaerung\\\/\"]}]},{\"@type\":\"BreadcrumbList\",\"@id\":\"https:\\\/\\\/anovia.ch\\\/datenschutzerklaerung\\\/#breadcrumb\",\"itemListElement\":[{\"@type\":\"ListItem\",\"position\":1,\"name\":\"Startseite\",\"item\":\"https:\\\/\\\/anovia.ch\\\/en\\\/\"},{\"@type\":\"ListItem\",\"position\":2,\"name\":\"Privacy Policy\"}]},{\"@type\":\"WebSite\",\"@id\":\"https:\\\/\\\/anovia.ch\\\/#website\",\"url\":\"https:\\\/\\\/anovia.ch\\\/\",\"name\":\"Anovia\",\"description\":\"\",\"potentialAction\":[{\"@type\":\"SearchAction\",\"target\":{\"@type\":\"EntryPoint\",\"urlTemplate\":\"https:\\\/\\\/anovia.ch\\\/?s={search_term_string}\"},\"query-input\":{\"@type\":\"PropertyValueSpecification\",\"valueRequired\":true,\"valueName\":\"search_term_string\"}}],\"inLanguage\":\"en-US\"}]}<\/script>\n<!-- \/ Yoast SEO plugin. -->","yoast_head_json":{"title":"Privacy Policy - Anovia","robots":{"index":"index","follow":"follow","max-snippet":"max-snippet:-1","max-image-preview":"max-image-preview:large","max-video-preview":"max-video-preview:-1"},"canonical":"https:\/\/anovia.ch\/datenschutzerklaerung\/","og_locale":"en_US","og_type":"article","og_title":"Privacy Policy - Anovia","og_description":"Datenschutz Wir freuen uns \u00fcber Ihr Interesse an unserer Webseite. [...]","og_url":"https:\/\/anovia.ch\/datenschutzerklaerung\/","og_site_name":"Anovia","article_modified_time":"2020-12-15T12:53:41+00:00","twitter_card":"summary_large_image","twitter_misc":{"Est. reading time":"7 minutes"},"schema":{"@context":"https:\/\/schema.org","@graph":[{"@type":"WebPage","@id":"https:\/\/anovia.ch\/datenschutzerklaerung\/","url":"https:\/\/anovia.ch\/datenschutzerklaerung\/","name":"Privacy Policy - Anovia","isPartOf":{"@id":"https:\/\/anovia.ch\/#website"},"datePublished":"2020-12-15T12:36:18+00:00","dateModified":"2020-12-15T12:53:41+00:00","breadcrumb":{"@id":"https:\/\/anovia.ch\/datenschutzerklaerung\/#breadcrumb"},"inLanguage":"en-US","potentialAction":[{"@type":"ReadAction","target":["https:\/\/anovia.ch\/datenschutzerklaerung\/"]}]},{"@type":"BreadcrumbList","@id":"https:\/\/anovia.ch\/datenschutzerklaerung\/#breadcrumb","itemListElement":[{"@type":"ListItem","position":1,"name":"Startseite","item":"https:\/\/anovia.ch\/en\/"},{"@type":"ListItem","position":2,"name":"Privacy Policy"}]},{"@type":"WebSite","@id":"https:\/\/anovia.ch\/#website","url":"https:\/\/anovia.ch\/","name":"Anovia","description":"","potentialAction":[{"@type":"SearchAction","target":{"@type":"EntryPoint","urlTemplate":"https:\/\/anovia.ch\/?s={search_term_string}"},"query-input":{"@type":"PropertyValueSpecification","valueRequired":true,"valueName":"search_term_string"}}],"inLanguage":"en-US"}]}},"_links":{"self":[{"href":"https:\/\/anovia.ch\/en\/wp-json\/wp\/v2\/pages\/230","targetHints":{"allow":["GET"]}}],"collection":[{"href":"https:\/\/anovia.ch\/en\/wp-json\/wp\/v2\/pages"}],"about":[{"href":"https:\/\/anovia.ch\/en\/wp-json\/wp\/v2\/types\/page"}],"author":[{"embeddable":true,"href":"https:\/\/anovia.ch\/en\/wp-json\/wp\/v2\/users\/1"}],"replies":[{"embeddable":true,"href":"https:\/\/anovia.ch\/en\/wp-json\/wp\/v2\/comments?post=230"}],"version-history":[{"count":2,"href":"https:\/\/anovia.ch\/en\/wp-json\/wp\/v2\/pages\/230\/revisions"}],"predecessor-version":[{"id":257,"href":"https:\/\/anovia.ch\/en\/wp-json\/wp\/v2\/pages\/230\/revisions\/257"}],"wp:attachment":[{"href":"https:\/\/anovia.ch\/en\/wp-json\/wp\/v2\/media?parent=230"}],"curies":[{"name":"wp","href":"https:\/\/api.w.org\/{rel}","templated":true}]}}